{"id":45,"date":"2021-10-06T22:50:18","date_gmt":"2021-10-06T22:50:18","guid":{"rendered":"https:\/\/www.guardianesdelaautoestima.com\/?page_id=45"},"modified":"2021-11-10T20:00:21","modified_gmt":"2021-11-10T20:00:21","slug":"blog","status":"publish","type":"page","link":"https:\/\/www.guardianesdelaautoestima.com\/index.php\/blog\/","title":{"rendered":"BLOG"},"content":{"rendered":"\t\t<div data-elementor-type=\"wp-page\" data-elementor-id=\"45\" class=\"elementor elementor-45\" data-elementor-settings=\"[]\">\n\t\t\t\t\t\t\t<div class=\"elementor-section-wrap\">\n\t\t\t\t\t\t\t<section class=\"elementor-section elementor-top-section elementor-element elementor-element-6c156bc elementor-section-boxed elementor-section-height-default elementor-section-height-default\" data-id=\"6c156bc\" data-element_type=\"section\" data-settings=\"{&quot;background_background&quot;:&quot;classic&quot;}\">\n\t\t\t\t\t\t\t<div class=\"elementor-background-overlay\"><\/div>\n\t\t\t\t\t\t\t<div class=\"elementor-container elementor-column-gap-default\">\n\t\t\t\t\t<div class=\"elementor-column elementor-col-100 elementor-top-column elementor-element elementor-element-fa3212c\" data-id=\"fa3212c\" data-element_type=\"column\">\n\t\t\t<div class=\"elementor-widget-wrap elementor-element-populated\">\n\t\t\t\t\t\t\t\t<div class=\"elementor-element elementor-element-afba113 elementor-grid-3 elementor-grid-tablet-2 elementor-grid-mobile-1 elementor-posts--thumbnail-top elementor-card-shadow-yes elementor-posts__hover-gradient elementor-widget elementor-widget-posts\" data-id=\"afba113\" data-element_type=\"widget\" data-settings=\"{&quot;cards_columns&quot;:&quot;3&quot;,&quot;cards_columns_tablet&quot;:&quot;2&quot;,&quot;cards_columns_mobile&quot;:&quot;1&quot;,&quot;cards_row_gap&quot;:{&quot;unit&quot;:&quot;px&quot;,&quot;size&quot;:35,&quot;sizes&quot;:[]}}\" data-widget_type=\"posts.cards\">\n\t\t\t\t<div class=\"elementor-widget-container\">\n\t\t\t\t\t<div class=\"elementor-posts-container elementor-posts elementor-posts--skin-cards elementor-grid\">\n\t\t\t\t<article class=\"elementor-post elementor-grid-item post-558 post type-post status-publish format-standard has-post-thumbnail hentry category-uncategorized\">\n\t\t\t<div class=\"elementor-post__card\">\n\t\t\t\t<a class=\"elementor-post__thumbnail__link\" href=\"https:\/\/www.guardianesdelaautoestima.com\/index.php\/2021\/12\/22\/558\/\" >\n\t\t\t<div class=\"elementor-post__thumbnail\"><img loading=\"lazy\" decoding=\"async\" width=\"300\" height=\"128\" src=\"https:\/\/www.guardianesdelaautoestima.com\/wp-content\/uploads\/2021\/12\/ART_4-300x128.png\" class=\"attachment-medium size-medium\" alt=\"\" srcset=\"https:\/\/www.guardianesdelaautoestima.com\/wp-content\/uploads\/2021\/12\/ART_4-300x128.png 300w, https:\/\/www.guardianesdelaautoestima.com\/wp-content\/uploads\/2021\/12\/ART_4-1024x436.png 1024w, https:\/\/www.guardianesdelaautoestima.com\/wp-content\/uploads\/2021\/12\/ART_4-768x327.png 768w, https:\/\/www.guardianesdelaautoestima.com\/wp-content\/uploads\/2021\/12\/ART_4.png 1244w\" sizes=\"auto, (max-width: 300px) 100vw, 300px\" \/><\/div>\n\t\t<\/a>\n\t\t\t\t<div class=\"elementor-post__text\">\n\t\t\t\t<div class=\"elementor-post__excerpt\">\n\t\t\t<p>Una Navidad agridulce Los duelos, las navidades y los ni\u00f1os valerie perez lete Follow us Facebook-f Instagram Una Navidad agridulce\u00a0 Los duelos, las navidades<\/p>\n\t\t<\/div>\n\t\t\t\t\t<a class=\"elementor-post__read-more\" href=\"https:\/\/www.guardianesdelaautoestima.com\/index.php\/2021\/12\/22\/558\/\" >\n\t\t\t\tLeer M\u00e1s \u00bb\t\t\t<\/a>\n\t\t\t\t<\/div>\n\t\t\t\t<div class=\"elementor-post__meta-data\">\n\t\t\t\t\t<span class=\"elementor-post-date\">\n\t\t\tdiciembre 22, 2021\t\t<\/span>\n\t\t\t\t<span class=\"elementor-post-avatar\">\n\t\t\tNo hay comentarios\t\t<\/span>\n\t\t\t\t<\/div>\n\t\t\t\t\t<\/div>\n\t\t<\/article>\n\t\t\t\t<article class=\"elementor-post elementor-grid-item post-548 post type-post status-publish format-standard has-post-thumbnail hentry category-uncategorized\">\n\t\t\t<div class=\"elementor-post__card\">\n\t\t\t\t<a class=\"elementor-post__thumbnail__link\" href=\"https:\/\/www.guardianesdelaautoestima.com\/index.php\/2021\/12\/15\/548\/\" >\n\t\t\t<div class=\"elementor-post__thumbnail\"><img loading=\"lazy\" decoding=\"async\" width=\"300\" height=\"128\" src=\"https:\/\/www.guardianesdelaautoestima.com\/wp-content\/uploads\/2021\/12\/ART_3-300x128.png\" class=\"attachment-medium size-medium\" alt=\"\" srcset=\"https:\/\/www.guardianesdelaautoestima.com\/wp-content\/uploads\/2021\/12\/ART_3-300x128.png 300w, https:\/\/www.guardianesdelaautoestima.com\/wp-content\/uploads\/2021\/12\/ART_3-1024x436.png 1024w, https:\/\/www.guardianesdelaautoestima.com\/wp-content\/uploads\/2021\/12\/ART_3-768x327.png 768w, https:\/\/www.guardianesdelaautoestima.com\/wp-content\/uploads\/2021\/12\/ART_3.png 1244w\" sizes=\"auto, (max-width: 300px) 100vw, 300px\" \/><\/div>\n\t\t<\/a>\n\t\t\t\t<div class=\"elementor-post__text\">\n\t\t\t\t<div class=\"elementor-post__excerpt\">\n\t\t\t<p>POR QUE NO DEBER\u00ccAS REGA\u00d1AR A TUS HIJOS FRENTE A OTROS ADULTOS Por: Valerie Perezlete&nbsp; Imagina que est\u00e1s por recoger a tus hijos del<\/p>\n\t\t<\/div>\n\t\t\t\t\t<a class=\"elementor-post__read-more\" href=\"https:\/\/www.guardianesdelaautoestima.com\/index.php\/2021\/12\/15\/548\/\" >\n\t\t\t\tLeer M\u00e1s \u00bb\t\t\t<\/a>\n\t\t\t\t<\/div>\n\t\t\t\t<div class=\"elementor-post__meta-data\">\n\t\t\t\t\t<span class=\"elementor-post-date\">\n\t\t\tdiciembre 15, 2021\t\t<\/span>\n\t\t\t\t<span class=\"elementor-post-avatar\">\n\t\t\t1 comentario\t\t<\/span>\n\t\t\t\t<\/div>\n\t\t\t\t\t<\/div>\n\t\t<\/article>\n\t\t\t\t<article class=\"elementor-post elementor-grid-item post-526 post type-post status-publish format-standard has-post-thumbnail hentry category-uncategorized\">\n\t\t\t<div class=\"elementor-post__card\">\n\t\t\t\t<a class=\"elementor-post__thumbnail__link\" href=\"https:\/\/www.guardianesdelaautoestima.com\/index.php\/2021\/11\/10\/entrada-2\/\" >\n\t\t\t<div class=\"elementor-post__thumbnail\"><img loading=\"lazy\" decoding=\"async\" width=\"300\" height=\"128\" src=\"https:\/\/www.guardianesdelaautoestima.com\/wp-content\/uploads\/2021\/11\/ART_2-300x128.png\" class=\"attachment-medium size-medium\" alt=\"\" srcset=\"https:\/\/www.guardianesdelaautoestima.com\/wp-content\/uploads\/2021\/11\/ART_2-300x128.png 300w, https:\/\/www.guardianesdelaautoestima.com\/wp-content\/uploads\/2021\/11\/ART_2-1024x436.png 1024w, https:\/\/www.guardianesdelaautoestima.com\/wp-content\/uploads\/2021\/11\/ART_2-768x327.png 768w, https:\/\/www.guardianesdelaautoestima.com\/wp-content\/uploads\/2021\/11\/ART_2.png 1244w\" sizes=\"auto, (max-width: 300px) 100vw, 300px\" \/><\/div>\n\t\t<\/a>\n\t\t\t\t<div class=\"elementor-post__text\">\n\t\t\t\t<div class=\"elementor-post__excerpt\">\n\t\t\t<p>LOS NI\u00d1OS Y ADOLESCENTES NECESITAN UNA COMUNIDAD QUE LOS PROTEJA, AM\u00c9 Y GU\u00cdE A SER QUIENES HAN VENIDO A SER Por: Valerie Perezlete&nbsp; \u201cLos<\/p>\n\t\t<\/div>\n\t\t\t\t\t<a class=\"elementor-post__read-more\" href=\"https:\/\/www.guardianesdelaautoestima.com\/index.php\/2021\/11\/10\/entrada-2\/\" >\n\t\t\t\tLeer M\u00e1s \u00bb\t\t\t<\/a>\n\t\t\t\t<\/div>\n\t\t\t\t<div class=\"elementor-post__meta-data\">\n\t\t\t\t\t<span class=\"elementor-post-date\">\n\t\t\tnoviembre 10, 2021\t\t<\/span>\n\t\t\t\t<span class=\"elementor-post-avatar\">\n\t\t\t2 comentarios\t\t<\/span>\n\t\t\t\t<\/div>\n\t\t\t\t\t<\/div>\n\t\t<\/article>\n\t\t\t\t<article class=\"elementor-post elementor-grid-item post-389 post type-post status-publish format-standard has-post-thumbnail hentry category-uncategorized\">\n\t\t\t<div class=\"elementor-post__card\">\n\t\t\t\t<a class=\"elementor-post__thumbnail__link\" href=\"https:\/\/www.guardianesdelaautoestima.com\/index.php\/2021\/10\/19\/todos-podemos-ser-guardianes-de-la-autoestima-y-del-ser-esencial\/\" >\n\t\t\t<div class=\"elementor-post__thumbnail\"><img loading=\"lazy\" decoding=\"async\" width=\"300\" height=\"128\" src=\"https:\/\/www.guardianesdelaautoestima.com\/wp-content\/uploads\/2021\/10\/ART_1_5-300x128.png\" class=\"attachment-medium size-medium\" alt=\"\" srcset=\"https:\/\/www.guardianesdelaautoestima.com\/wp-content\/uploads\/2021\/10\/ART_1_5-300x128.png 300w, https:\/\/www.guardianesdelaautoestima.com\/wp-content\/uploads\/2021\/10\/ART_1_5-1024x436.png 1024w, https:\/\/www.guardianesdelaautoestima.com\/wp-content\/uploads\/2021\/10\/ART_1_5-768x327.png 768w, https:\/\/www.guardianesdelaautoestima.com\/wp-content\/uploads\/2021\/10\/ART_1_5.png 1244w\" sizes=\"auto, (max-width: 300px) 100vw, 300px\" \/><\/div>\n\t\t<\/a>\n\t\t\t\t<div class=\"elementor-post__text\">\n\t\t\t\t<div class=\"elementor-post__excerpt\">\n\t\t\t<p>Todos podemos ser guardianes de la autoestima y del ser esencial Por: Valerie Perezlete\u00a0 web: www.guardianesdelaautoestima.com\u00a0\u00a0 \u00bfEs realmente necesario ayudar a nuestros hijos a<\/p>\n\t\t<\/div>\n\t\t\t\t\t<a class=\"elementor-post__read-more\" href=\"https:\/\/www.guardianesdelaautoestima.com\/index.php\/2021\/10\/19\/todos-podemos-ser-guardianes-de-la-autoestima-y-del-ser-esencial\/\" >\n\t\t\t\tLeer M\u00e1s \u00bb\t\t\t<\/a>\n\t\t\t\t<\/div>\n\t\t\t\t<div class=\"elementor-post__meta-data\">\n\t\t\t\t\t<span class=\"elementor-post-date\">\n\t\t\toctubre 19, 2021\t\t<\/span>\n\t\t\t\t<span class=\"elementor-post-avatar\">\n\t\t\tNo hay comentarios\t\t<\/span>\n\t\t\t\t<\/div>\n\t\t\t\t\t<\/div>\n\t\t<\/article>\n\t\t\t\t<\/div>\n\t\t\t\t<\/div>\n\t\t\t\t<\/div>\n\t\t\t\t\t<\/div>\n\t\t<\/div>\n\t\t\t\t\t\t\t<\/div>\n\t\t<\/section>\n\t\t\t\t\t\t<\/div>\n\t\t\t\t\t<\/div>\n\t\t","protected":false},"excerpt":{"rendered":"","protected":false},"author":1,"featured_media":0,"parent":0,"menu_order":0,"comment_status":"closed","ping_status":"closed","template":"","meta":{"footnotes":""},"class_list":["post-45","page","type-page","status-publish","hentry"],"_links":{"self":[{"href":"https:\/\/www.guardianesdelaautoestima.com\/index.php\/wp-json\/wp\/v2\/pages\/45","targetHints":{"allow":["GET"]}}],"collection":[{"href":"https:\/\/www.guardianesdelaautoestima.com\/index.php\/wp-json\/wp\/v2\/pages"}],"about":[{"href":"https:\/\/www.guardianesdelaautoestima.com\/index.php\/wp-json\/wp\/v2\/types\/page"}],"author":[{"embeddable":true,"href":"https:\/\/www.guardianesdelaautoestima.com\/index.php\/wp-json\/wp\/v2\/users\/1"}],"replies":[{"embeddable":true,"href":"https:\/\/www.guardianesdelaautoestima.com\/index.php\/wp-json\/wp\/v2\/comments?post=45"}],"version-history":[{"count":17,"href":"https:\/\/www.guardianesdelaautoestima.com\/index.php\/wp-json\/wp\/v2\/pages\/45\/revisions"}],"predecessor-version":[{"id":538,"href":"https:\/\/www.guardianesdelaautoestima.com\/index.php\/wp-json\/wp\/v2\/pages\/45\/revisions\/538"}],"wp:attachment":[{"href":"https:\/\/www.guardianesdelaautoestima.com\/index.php\/wp-json\/wp\/v2\/media?parent=45"}],"curies":[{"name":"wp","href":"https:\/\/api.w.org\/{rel}","templated":true}]}}