{"id":285,"date":"2021-10-18T19:24:39","date_gmt":"2021-10-18T19:24:39","guid":{"rendered":"https:\/\/www.guardianesdelaautoestima.com\/?page_id=285"},"modified":"2021-10-19T22:40:49","modified_gmt":"2021-10-19T22:40:49","slug":"que-es-guardianes-2","status":"publish","type":"page","link":"https:\/\/www.guardianesdelaautoestima.com\/index.php\/que-es-guardianes-2\/","title":{"rendered":"\u00bfQU\u00c9 ES GUARDIANES?"},"content":{"rendered":"\t\t<div data-elementor-type=\"wp-page\" data-elementor-id=\"285\" class=\"elementor elementor-285\" data-elementor-settings=\"[]\">\n\t\t\t\t\t\t\t<div class=\"elementor-section-wrap\">\n\t\t\t\t\t\t\t<section class=\"elementor-section elementor-top-section elementor-element elementor-element-391b503 elementor-section-boxed elementor-section-height-default elementor-section-height-default\" data-id=\"391b503\" data-element_type=\"section\" data-settings=\"{&quot;background_background&quot;:&quot;classic&quot;}\">\n\t\t\t\t\t\t\t<div class=\"elementor-background-overlay\"><\/div>\n\t\t\t\t\t\t\t<div class=\"elementor-container elementor-column-gap-default\">\n\t\t\t\t\t<div class=\"elementor-column elementor-col-100 elementor-top-column elementor-element elementor-element-b887d78\" data-id=\"b887d78\" data-element_type=\"column\">\n\t\t\t<div class=\"elementor-widget-wrap elementor-element-populated\">\n\t\t\t\t\t\t\t\t<div class=\"elementor-element elementor-element-986e937 elementor-widget elementor-widget-heading\" data-id=\"986e937\" data-element_type=\"widget\" data-widget_type=\"heading.default\">\n\t\t\t\t<div class=\"elementor-widget-container\">\n\t\t\t<h2 class=\"elementor-heading-title elementor-size-default\">\u00bfQue es guardianes de la autoestima y el ser esencial?<\/h2>\t\t<\/div>\n\t\t\t\t<\/div>\n\t\t\t\t<div class=\"elementor-element elementor-element-211e2da elementor-widget elementor-widget-text-editor\" data-id=\"211e2da\" data-element_type=\"widget\" data-widget_type=\"text-editor.default\">\n\t\t\t\t<div class=\"elementor-widget-container\">\n\t\t\t\t\t\t\t<div class=\"aP0iDg _8wgmBA\"><div class=\"CSQ61Q fxHT8Q JgN_fQ\"><div class=\"_-EO8Jw\"><div><div class=\"xjUvPA xBlGiw\" lang=\"es-MX\"><p class=\"xSFsUw UvTV_g _4odmfQ\" style=\"text-align: center;\"><span class=\"pW8uoA\" style=\"color: #000000;\">Guardianes de la autoestima y el ser esencial es un proyecto cuya finalidad es preservar los valores m\u00e1s importantes de la ni\u00f1ez y la adolescencia; la autoestima y la conexi\u00f3n con el ser esencial.<\/span><\/p><p class=\"xSFsUw UvTV_g _4odmfQ\" style=\"text-align: center;\"><span class=\"pW8uoA\" style=\"color: #000000;\">Este proyecto tiene programas en los \u00e1mbitos m\u00e1s importantes de interacci\u00f3n para la ni\u00f1ez y la adolescencia: sus padres, la escuela y sus iguales.<\/span><\/p><p class=\"xSFsUw UvTV_g _4odmfQ\" style=\"text-align: center;\"><span class=\"pW8uoA\" style=\"color: #000000;\">Cuidar la autoestima de los ni\u00f1os es tarea de todos los adultos a su cargo.<\/span><\/p><p class=\"xSFsUw UvTV_g _4odmfQ\" style=\"text-align: center;\"><span class=\"pW8uoA\" style=\"color: #000000;\">Por esa raz\u00f3n TODOS PODEMOS SER GUARDIANES de la ni\u00f1ez y la adolescencia.<\/span><\/p><\/div><\/div><\/div><\/div><\/div><div class=\"aP0iDg _8wgmBA\" style=\"text-align: center;\"><div class=\"CSQ61Q fxHT8Q JgN_fQ\"><div class=\"_-EO8Jw\"><div><div class=\"xjUvPA xBlGiw\" lang=\"es-MX\"><p class=\"xSFsUw UvTV_g _4odmfQ\" style=\"text-align: center;\"><span class=\"pW8uoA\" style=\"color: #000000;\">Para contribuir a que este mundo se llene de m\u00e1s humanos con autoestima, en guardianes de la autoestima y el ser esencial ofrecemos: talleres, conferencias, cursos y capacitaciones para:<\/span><\/p><p class=\"xSFsUw UvTV_g _4odmfQ\" style=\"text-align: center;\"><span class=\"pW8uoA\" style=\"color: #000000;\">Mam\u00e1s y pap\u00e1s<\/span><\/p><p class=\"xSFsUw UvTV_g _4odmfQ\" style=\"text-align: center;\"><span class=\"pW8uoA\" style=\"color: #000000;\">Maestros y escuelas<\/span><\/p><p class=\"xSFsUw UvTV_g _4odmfQ\" style=\"text-align: center;\"><span class=\"pW8uoA\" style=\"color: #000000;\">Adolescentes y j\u00f3venes<\/span><\/p><p class=\"xSFsUw UvTV_g _4odmfQ\" style=\"text-align: center;\"><span class=\"pW8uoA\" style=\"color: #000000;\">Siempre con el estandarte m\u00e1s importante del Proyecto guardianes:<\/span><\/p><h2 class=\"xSFsUw UvTV_g _4odmfQ\" style=\"text-align: center;\"><span style=\"color: #6493ab;\"><strong><span class=\"pW8uoA\">\u00a1Entre m\u00e1s amemos a los ni\u00f1os de nuestra vida, m\u00e1s adultos bondadosos cuidar\u00e1n de nuestra tierra!<\/span><\/strong><\/span><\/h2><p class=\"xSFsUw UvTV_g _4odmfQ\" style=\"text-align: center;\">\u00a0<\/p><\/div><\/div><\/div><\/div><\/div><div class=\"aP0iDg _8wgmBA\" style=\"text-align: center;\"><div class=\"LnihSA\"><div class=\"X0udsg\"><div class=\"OQp0jg\"><div class=\"xcfBCw J6cDAg\"><div class=\"DvXlvQ\">\u00a0<\/div><\/div><\/div><\/div><\/div><\/div><div class=\"aP0iDg _8wgmBA\" style=\"text-align: center;\"><div class=\"LnihSA\"><div class=\"X0udsg\"><div class=\"OQp0jg\"><div class=\"xcfBCw J6cDAg\"><div class=\"DvXlvQ\">\u00a0<\/div><\/div><\/div><\/div><\/div><\/div><div class=\"aP0iDg _8wgmBA\" style=\"text-align: left;\"><div class=\"JA2azA\"><div style=\"text-align: center;\">\u00a0<\/div><\/div><\/div><div class=\"aP0iDg _8wgmBA\" style=\"text-align: left;\"><div class=\"JA2azA\"><div>\u00a0<\/div><\/div><\/div><div class=\"aP0iDg _8wgmBA\" style=\"text-align: left;\"><div class=\"LnihSA\"><div class=\"X0udsg\"><div class=\"OQp0jg\"><div class=\"xcfBCw J6cDAg\"><div class=\"DvXlvQ\" style=\"text-align: center;\">\u00a0<\/div><\/div><\/div><\/div><\/div><\/div><div class=\"aP0iDg _8wgmBA\"><div class=\"CSQ61Q fxHT8Q JgN_fQ\"><div class=\"_-EO8Jw\"><div><div class=\"xjUvPA xBlGiw NubFFw\" lang=\"es-MX\" style=\"text-align: left;\">\u00a0<\/div><\/div><\/div><\/div><\/div>\t\t\t\t\t\t<\/div>\n\t\t\t\t<\/div>\n\t\t\t\t\t<\/div>\n\t\t<\/div>\n\t\t\t\t\t\t\t<\/div>\n\t\t<\/section>\n\t\t\t\t<section class=\"elementor-section elementor-top-section elementor-element elementor-element-9e6d245 elementor-section-boxed elementor-section-height-default elementor-section-height-default\" data-id=\"9e6d245\" data-element_type=\"section\" data-settings=\"{&quot;background_background&quot;:&quot;classic&quot;}\">\n\t\t\t\t\t\t\t<div class=\"elementor-background-overlay\"><\/div>\n\t\t\t\t\t\t\t<div class=\"elementor-container elementor-column-gap-default\">\n\t\t\t\t\t<div class=\"elementor-column elementor-col-100 elementor-top-column elementor-element elementor-element-c92d112\" data-id=\"c92d112\" data-element_type=\"column\">\n\t\t\t<div class=\"elementor-widget-wrap elementor-element-populated\">\n\t\t\t\t\t\t\t\t<div class=\"elementor-element elementor-element-f9b8960 elementor-widget elementor-widget-heading\" data-id=\"f9b8960\" data-element_type=\"widget\" id=\"porque\" data-widget_type=\"heading.default\">\n\t\t\t\t<div class=\"elementor-widget-container\">\n\t\t\t<h2 class=\"elementor-heading-title elementor-size-default\">\u00bfPor qu\u00e9 los ni\u00f1os y adolescentes necesitan guardianes de su autoestima y de su ser esencial?<\/h2>\t\t<\/div>\n\t\t\t\t<\/div>\n\t\t\t\t<div class=\"elementor-element elementor-element-1828043 elementor-widget elementor-widget-text-editor\" data-id=\"1828043\" data-element_type=\"widget\" data-widget_type=\"text-editor.default\">\n\t\t\t\t<div class=\"elementor-widget-container\">\n\t\t\t\t\t\t\t<div class=\"aP0iDg _8wgmBA\"><div class=\"CSQ61Q fxHT8Q JgN_fQ\"><div class=\"_-EO8Jw\"><div><div class=\"xjUvPA xBlGiw\" lang=\"es-MX\"><p class=\"xSFsUw bFpdGg _4odmfQ\"><span class=\"pW8uoA\" style=\"color: #000000;\">Porque la autoestima y la conexi\u00f3n con el ser esencial son atributos innatos, si, ya nacemos equipados con altas dosis de Autoestima y muy conectados con nuestro ser esencial.<\/span><\/p><p class=\"xSFsUw bFpdGg _4odmfQ\"><span class=\"pW8uoA\" style=\"color: #000000;\">Para que un bebe puede existir y sobrevivir requiere de dos certezas b\u00e1sicas:<\/span><\/p><p class=\"xSFsUw bFpdGg _4odmfQ\"><span class=\"pW8uoA\" style=\"color: #ffffff;\">1. Confiar en el mismo (estar conectado con su cuerpo y sus necesidades)<\/span><\/p><p class=\"xSFsUw bFpdGg _4odmfQ\"><span style=\"color: #ffffff;\"><span class=\"pW8uoA\">2.<\/span> <span class=\"pW8uoA\">Confiar en su entorno (la confianza en que le cuidaran y le alimentaran para poder crecer).<\/span><\/span><\/p><p class=\"xSFsUw bFpdGg _4odmfQ\"><span class=\"pW8uoA\" style=\"color: #000000;\">Conforme el beb\u00e9 crece las condiciones en las que se desarrolla le permitir\u00e1n o No seguir sintiendo confianza en s\u00ed mismo y en el entorno y permanecer conectado a su ser esencial, es decir, sabr\u00e1 qui\u00e9n es y podr\u00e1 conectar con sus dones y talentos. No hace falta desarrollar autoestima en los ni\u00f1os, lo que es urgente es aprender a no desconectarlos de ellos mismo y a preservar la maravillosa autoestima con la que nacieron.<\/span><\/p><p class=\"xSFsUw bFpdGg _4odmfQ\"><span class=\"pW8uoA\" style=\"color: #000000;\">La gran tragedia de que haya tantas personas sin autoestima, ni autocuidado, ni aprecio por la tierra radica en que los adultos estamos acompa\u00f1ando a los ni\u00f1os mientras estamos anestesiados por la tecnolog\u00eda, repitiendo patrones de crianza obsoletos sin cuestionarnos, aplicando violencia pasiva y activa, sin conectarnos emocionalmente y con ni\u00f1os heridos dentro. Adem\u00e1s, sin entender el verdadero desarrollo emocional y de consciencia en la ni\u00f1ez y la adolescencia.<\/span><\/p><\/div><\/div><\/div><\/div><\/div><div class=\"aP0iDg _8wgmBA\"><div class=\"CSQ61Q fxHT8Q JgN_fQ\"><div class=\"_-EO8Jw\"><div><div class=\"xjUvPA xBlGiw\" lang=\"es-MX\"><p class=\"xSFsUw bFpdGg _4odmfQ\"><span style=\"color: #000000;\"><span class=\"pW8uoA\">Un ni\u00f1o o un adolescente con autoestima ser\u00e1 capaz de conectarse con su ser esencial, ser\u00e1 autentico, tomar\u00e1 decisiones por su bien y el bien com\u00fan, ser\u00e1 compasivo con \u00e9l mismo y con los dem\u00e1s, podr\u00e1 explorar con confianza sus dones y talentos y querr\u00e1 compartirlos con el mundo, identificar\u00e1 de inmediato los malos<\/span> <span class=\"pW8uoA\">tratos y los rechazar\u00e1, se relacionar\u00e1 de forma respetuosa y armoniosa ofreciendo lo mejor de s\u00ed mismo; pues en su mente existir\u00e1n las creencias firmes de: Yo valgo, yo merezco, yo soy importante, yo soy valioso, yo conf\u00edo en m\u00ed.<\/span><\/span><\/p><p class=\"xSFsUw bFpdGg _4odmfQ\" style=\"text-align: right;\"><span class=\"pW8uoA\" style=\"color: #000000;\">Valerie Perezlete<\/span><\/p><p class=\"xSFsUw bFpdGg _4odmfQ\" style=\"text-align: right;\"><span class=\"pW8uoA\" style=\"color: #000000;\">Fundadora y Guardiana de la autoestima y el ser esencial.<\/span><\/p><p class=\"xSFsUw UvTV_g _4odmfQ\"><span class=\"pW8uoA\">\u00a0<\/span><\/p><\/div><\/div><\/div><\/div><\/div><div class=\"aP0iDg _8wgmBA\"><div class=\"JA2azA\"><div>\u00a0<\/div><\/div><\/div><div class=\"aP0iDg _8wgmBA\"><div class=\"CSQ61Q fxHT8Q JgN_fQ\"><div class=\"_-EO8Jw\"><div><div class=\"xjUvPA xBlGiw NubFFw\" lang=\"es-MX\"><p class=\"xSFsUw C-VXbQ jtnfgw pPYg4g UvTV_g _4odmfQ B_ZyNw\"><span class=\"pW8uoA\">\u00a0<\/span><\/p><\/div><\/div><\/div><\/div><\/div>\t\t\t\t\t\t<\/div>\n\t\t\t\t<\/div>\n\t\t\t\t\t<\/div>\n\t\t<\/div>\n\t\t\t\t\t\t\t<\/div>\n\t\t<\/section>\n\t\t\t\t\t\t<\/div>\n\t\t\t\t\t<\/div>\n\t\t","protected":false},"excerpt":{"rendered":"<p>\u00bfQue es guardianes de la autoestima y el ser esencial? Guardianes de la autoestima y el ser esencial es un proyecto cuya finalidad es preservar los valores m\u00e1s importantes de la ni\u00f1ez y la adolescencia; la autoestima y la conexi\u00f3n con el ser esencial. Este proyecto tiene programas en los \u00e1mbitos m\u00e1s importantes de interacci\u00f3n [&hellip;]<\/p>\n","protected":false},"author":1,"featured_media":0,"parent":0,"menu_order":0,"comment_status":"closed","ping_status":"closed","template":"","meta":{"footnotes":""},"class_list":["post-285","page","type-page","status-publish","hentry"],"_links":{"self":[{"href":"https:\/\/www.guardianesdelaautoestima.com\/index.php\/wp-json\/wp\/v2\/pages\/285","targetHints":{"allow":["GET"]}}],"collection":[{"href":"https:\/\/www.guardianesdelaautoestima.com\/index.php\/wp-json\/wp\/v2\/pages"}],"about":[{"href":"https:\/\/www.guardianesdelaautoestima.com\/index.php\/wp-json\/wp\/v2\/types\/page"}],"author":[{"embeddable":true,"href":"https:\/\/www.guardianesdelaautoestima.com\/index.php\/wp-json\/wp\/v2\/users\/1"}],"replies":[{"embeddable":true,"href":"https:\/\/www.guardianesdelaautoestima.com\/index.php\/wp-json\/wp\/v2\/comments?post=285"}],"version-history":[{"count":16,"href":"https:\/\/www.guardianesdelaautoestima.com\/index.php\/wp-json\/wp\/v2\/pages\/285\/revisions"}],"predecessor-version":[{"id":466,"href":"https:\/\/www.guardianesdelaautoestima.com\/index.php\/wp-json\/wp\/v2\/pages\/285\/revisions\/466"}],"wp:attachment":[{"href":"https:\/\/www.guardianesdelaautoestima.com\/index.php\/wp-json\/wp\/v2\/media?parent=285"}],"curies":[{"name":"wp","href":"https:\/\/api.w.org\/{rel}","templated":true}]}}